{"id":131178,"date":"2025-08-28T18:59:33","date_gmt":"2025-08-28T16:59:33","guid":{"rendered":"https:\/\/superexstatic.fr\/?page_id=131178"},"modified":"2025-08-28T19:13:30","modified_gmt":"2025-08-28T17:13:30","slug":"venir","status":"publish","type":"page","link":"https:\/\/superexstatic.fr\/index.php\/venir\/","title":{"rendered":"venir"},"content":{"rendered":"<div class=\"wpb-content-wrapper\"><p>[vc_row][vc_column width=\u00a0\u00bb1\/1&Prime;][vc_column_text uncode_shortcode_id=\u00a0\u00bb902246&Prime;]C&rsquo;est peut-\u00eatre un peu loin alors on peut amener sa tente.<\/p>\n<p>On sera en plein air alors on peut prendre un pull..<\/p>\n<p>ET c&rsquo;est l\u00e0:<\/p>\n<p>&nbsp;<\/p>\n<p>[\/vc_column_text][vc_raw_html]JTNDaWZyYW1lJTIwc3JjJTNEJTIyaHR0cHMlM0ElMkYlMkZ3d3cuZ29vZ2xlLmNvbSUyRm1hcHMlMkZlbWJlZCUzRnBiJTNEJTIxMW0xNyUyMTFtMTIlMjExbTMlMjExZDUzMTUuNTM2Njg3Njc5MTk3JTIxMmQ0LjMyNzQ1NzI1MTE4ODgzOCUyMTNkNDguMjMwMzM1MTM0MzAwMSUyMTJtMyUyMTFmMCUyMTJmMCUyMTNmMCUyMTNtMiUyMTFpMTAyNCUyMTJpNzY4JTIxNGYxMy4xJTIxM20yJTIxMW0xJTIxMnpORGpDc0RFekp6UTJMalFpVGlBMHdyQXhPU2N6T1M0eklrVSUyMTVlMCUyMTNtMiUyMTFzZnIlMjEyc3VzJTIxNHYxNzU2NDAwMTAxOTQ3JTIxNW0yJTIxMXNmciUyMTJzdXMlMjIlMjB3aWR0aCUzRCUyMjYwMCUyMiUyMGhlaWdodCUzRCUyMjQ1MCUyMiUyMHN0eWxlJTNEJTIyYm9yZGVyJTNBMCUzQiUyMiUyMGFsbG93ZnVsbHNjcmVlbiUzRCUyMiUyMiUyMGxvYWRpbmclM0QlMjJsYXp5JTIyJTIwcmVmZXJyZXJwb2xpY3klM0QlMjJuby1yZWZlcnJlci13aGVuLWRvd25ncmFkZSUyMiUzRSUzQyUyRmlmcmFtZSUzRQ==[\/vc_raw_html][vc_button button_color=\u00a0\u00bbcolor-482803&Prime; border_width=\u00a0\u00bb0&Prime; link=\u00a0\u00bburl:https%3A%2F%2Fmy.weezevent.com%2Fsuperexstatic-fest\u00a0\u00bb button_color_type=\u00a0\u00bbuncode-palette\u00a0\u00bb uncode_shortcode_id=\u00a0\u00bb282732&Prime;]R\u00e9servation \u00e0 prix libre de z\u00e9ro \u00e0 l&rsquo;infini![\/vc_button][\/vc_column][\/vc_row]<\/p>\n<\/div>","protected":false},"excerpt":{"rendered":"<p>[vc_row][vc_column width=\u00a0\u00bb1\/1&Prime;][vc_column_text uncode_shortcode_id=\u00a0\u00bb902246&Prime;]C&rsquo;est peut-\u00eatre un peu loin alors on peut amener sa tente. On sera en plein air alors on [&hellip;]<\/p>\n","protected":false},"author":1,"featured_media":0,"parent":0,"menu_order":0,"comment_status":"closed","ping_status":"closed","template":"","meta":{"footnotes":""},"class_list":["post-131178","page","type-page","status-publish","hentry"],"_links":{"self":[{"href":"https:\/\/superexstatic.fr\/index.php\/wp-json\/wp\/v2\/pages\/131178","targetHints":{"allow":["GET"]}}],"collection":[{"href":"https:\/\/superexstatic.fr\/index.php\/wp-json\/wp\/v2\/pages"}],"about":[{"href":"https:\/\/superexstatic.fr\/index.php\/wp-json\/wp\/v2\/types\/page"}],"author":[{"embeddable":true,"href":"https:\/\/superexstatic.fr\/index.php\/wp-json\/wp\/v2\/users\/1"}],"replies":[{"embeddable":true,"href":"https:\/\/superexstatic.fr\/index.php\/wp-json\/wp\/v2\/comments?post=131178"}],"version-history":[{"count":11,"href":"https:\/\/superexstatic.fr\/index.php\/wp-json\/wp\/v2\/pages\/131178\/revisions"}],"predecessor-version":[{"id":131192,"href":"https:\/\/superexstatic.fr\/index.php\/wp-json\/wp\/v2\/pages\/131178\/revisions\/131192"}],"wp:attachment":[{"href":"https:\/\/superexstatic.fr\/index.php\/wp-json\/wp\/v2\/media?parent=131178"}],"curies":[{"name":"wp","href":"https:\/\/api.w.org\/{rel}","templated":true}]}}